{"id":458,"date":"2014-10-31T08:26:46","date_gmt":"2014-10-31T08:26:46","guid":{"rendered":"http:\/\/demo.owwwlab.com\/wp-toranj-demo5\/?page_id=7"},"modified":"2016-08-18T16:25:28","modified_gmt":"2016-08-18T16:25:28","slug":"laempresa","status":"publish","type":"page","link":"http:\/\/mogano.com.co\/home\/laempresa\/","title":{"rendered":"La Empresa"},"content":{"rendered":"<div class=\"toranj-vc-row-wrapper\"><div class=\"vc_row wpb_row vc_row-fluid\">\n\t<div class=\"vc_col-sm-12 wpb_column vc_column_container\">\n\t\t<div class=\"wpb_wrapper\">\n\t\t\t<div class=\"vertical-carousel team-members vertical-carousel802945093\"><div class=\"left-side\" >\r\n                        <div class=\"left-side-wrapper\"><\/div>\r\n                        \r\n                    <\/div><!-- \/Contents Side-->\r\n                        \r\n                    <div class=\"right-side\" data-fill=\"auto-fill\">\r\n                        <!-- Image Carousel Wrapper -->\r\n                        <div class=\"right-side-wrapper\"><\/div>\r\n                    <\/div><div class=\"dc-contents\" style=\"display:none;\"><div class=\"dc-item\"><div class=\"dc-left-side\"><div class=\"item vcenter-wrapper \" style=\"background-color:#1c1c1c\">\r\n                            <div class=\"item-wrapper vcenter\"><h3 class=\"team-title\">La Empresa<span> <\/span><\/h3><div class=\"info\"><div class=\"description\"><\/p>\n<div style=\"font-size: 12px; text-align: justify;\"><\/div>\n<div style=\"font-size: 12px; text-align: center;\"><img decoding=\"async\" loading=\"lazy\" width=\"300\" height=\"59\" class=\" size-medium wp-image-592 aligncenter\" style=\"width: 250px; max-width: 250px; height: auto;\" src=\"http:\/\/mogano.com.co\/home\/wp-content\/uploads\/2014\/10\/interno-300x59.png\" alt=\"interno\" srcset=\"http:\/\/mogano.com.co\/home\/wp-content\/uploads\/2014\/10\/interno-300x59.png 300w, http:\/\/mogano.com.co\/home\/wp-content\/uploads\/2014\/10\/interno.png 438w\" sizes=\"(max-width: 300px) 100vw, 300px\" \/><\/div>\n<div style=\"font-size: 12px; text-align: justify;\"><\/div>\n<div style=\"font-size: 12px; text-align: justify;\">Somos una empresa con m\u00e1s de 10 a\u00f1os de trayectoria y una larga lista de clientes satisfechos en el eje cafetero, enfocados en el dise\u00f1o, fabricaci\u00f3n y comercializaci\u00f3n especializada de Cocinas Integrales, Vestieres y muebles especiales. En Mogano, anteriormente Mobiliar Ideas, materializamos los sue\u00f1os de las personas que buscan lo mejor en innovaci\u00f3n, calidad y funcionalidad de sus espacios.<\/div>\n<p><\/div><\/div><!-- \/.info--><\/div><!-- \/.item-wrapper-->\r\n                        <\/div><!-- \/.item--><\/div><!--\/.dc-left-side--><div class=\"dc-right-side\"><!-- Image Item -->\r\n                        <div class=\"item\">\r\n                            <img src=\"http:\/\/mogano.com.co\/home\/wp-content\/uploads\/2014\/10\/mogano_empresa_muebles.png\" alt=\"La Empresa\">    \r\n                        <\/div>\r\n                        <!-- \/Image Item --><\/div><!--\/.dc-right-side--><\/div><!--\/.dc-item--><script><\/script><\/div><\/div><!-- \/.team-members-->\n\t\t<\/div> \n\t<\/div> \n<\/div><\/div>\n","protected":false},"excerpt":{"rendered":"La Empresa Somos una empresa con m\u00e1s de 10 a\u00f1os de trayectoria y una larga lista de clientes satisfechos en el eje cafetero, enfocados en el dise\u00f1o, fabricaci\u00f3n y comercializaci\u00f3n especializada de Cocinas Integrales, Vestieres y muebles especiales. En Mogano, anteriormente Mobiliar Ideas, materializamos los sue\u00f1os de las personas que buscan lo mejor en innovaci\u00f3n, [...]","protected":false},"author":1,"featured_media":0,"parent":0,"menu_order":5,"comment_status":"open","ping_status":"closed","template":"template-dark-abs.php","meta":[],"_links":{"self":[{"href":"http:\/\/mogano.com.co\/home\/wp-json\/wp\/v2\/pages\/458"}],"collection":[{"href":"http:\/\/mogano.com.co\/home\/wp-json\/wp\/v2\/pages"}],"about":[{"href":"http:\/\/mogano.com.co\/home\/wp-json\/wp\/v2\/types\/page"}],"author":[{"embeddable":true,"href":"http:\/\/mogano.com.co\/home\/wp-json\/wp\/v2\/users\/1"}],"replies":[{"embeddable":true,"href":"http:\/\/mogano.com.co\/home\/wp-json\/wp\/v2\/comments?post=458"}],"version-history":[{"count":1,"href":"http:\/\/mogano.com.co\/home\/wp-json\/wp\/v2\/pages\/458\/revisions"}],"predecessor-version":[{"id":912,"href":"http:\/\/mogano.com.co\/home\/wp-json\/wp\/v2\/pages\/458\/revisions\/912"}],"wp:attachment":[{"href":"http:\/\/mogano.com.co\/home\/wp-json\/wp\/v2\/media?parent=458"}],"curies":[{"name":"wp","href":"https:\/\/api.w.org\/{rel}","templated":true}]}}