{"id":2,"date":"2015-02-09T21:24:38","date_gmt":"2015-02-09T21:24:38","guid":{"rendered":"http:\/\/mogano.com.co\/home\/?page_id=2"},"modified":"2015-02-23T21:56:44","modified_gmt":"2015-02-23T21:56:44","slug":"portafolio","status":"publish","type":"page","link":"http:\/\/mogano.com.co\/home\/portafolio\/","title":{"rendered":"Portafolio"},"content":{"rendered":"<div class=\"toranj-vc-row-wrapper\"><div class=\"vc_row wpb_row vc_row-fluid\">\n\t<div class=\"vc_col-sm-12 wpb_column vc_column_container\">\n\t\t<div class=\"wpb_wrapper\">\n\t\t\t<!-- Page sidebar -->\r\n            <div class=\"page-side\">\r\n                <div class=\"inner-wrapper vcenter-wrapper\">\r\n                    <div class=\"side-content vcenter\">\r\n\r\n                        <!-- Page title -->\r\n                        <h1 class=\"title\">\r\n                            <span class=\"second-part\"><\/span>\r\n                            <span>Portafolio<\/span>\r\n                        <\/h1>\r\n                        <!-- \/Page title -->\r\n            \r\n                        <div class=\"hidden-sm hidden-xs\">\r\n                            <\/p>\n<div style=\"font-size: 11px; color: #f4f4f4;\">\n<p>Cada persona y cada espacio de nuestra casa es especial, por esto en Mogano dise\u00f1amos y fabricamos tus ideas con el\u00a0\u00a0 acompa\u00f1amiento de un equipo humano profesional en el \u00e1rea de dise\u00f1o, con experiencia reconocida en el entendimiento de los estilos de vida modernos, brindando asesor\u00eda personalizada, y dando como resultado espacios \u00fanicos que integran la funcionalidad, la est\u00e9tica y la innovaci\u00f3n en el uso de materiales que hacen diferente cada uno de los hogares que atendemos.<\/p>\n<p>Los dise\u00f1os en Mogano, son llevados a la realidad por nuestro equipo de producci\u00f3n y personal capacitado, enriquecido con a\u00f1os en el trabajo y el arte de la muebler\u00eda.<\/p>\n<p>Adem\u00e1s contamos con una infraestructura dotada de equipos y maquinaria altamente calificada para realizar los procesos de producci\u00f3n que garantizan la mejor calidad y el buen terminado del producto.<\/p>\n<p>Cada uno de nuestros proyectos responde a las necesidades y a la optimizaci\u00f3n de sus espacios de manera exclusiva, empleando los mejores sistemas de herrajes especializados que se encuentran en el mercado y que permiten una correcta funcionalidad; Por tal raz\u00f3n cada proyecto merece de nosotros el m\u00e1ximo cuidado, as\u00ed que vinculamos las mejores marcas, empleamos materia prima de excelente calidad y brindamos la mejor asesor\u00eda en dise\u00f1o y servicio antes, durante y de postventa, para asegurar un buen resultado final y la duraci\u00f3n de nuestras soluciones en el tiempo.<\/p>\n<p>Nuestra prioridad continuar con m\u00e1s clientes satisfechos e ir m\u00e1s all\u00e1 de lo que ellos se imaginan\u2026<\/p>\n<\/div>\n<p>\r\n                        <\/div>\r\n                \r\n                    <\/div>\r\n                <\/div>\r\n            <\/div>\r\n            <!-- \/Page sidebar -->\r\n            \r\n        <!-- Page main content -->\r\n        <div class=\"page-main\">\r\n\r\n            <!-- Portfolio wrapper -->  \r\n            <div class=\"vertical-folio\">\r\n                    <!-- Item -->     \r\n                    <div class=\"vf-item tj-hover-3 set-bg  inview-animate inview-fadeleft\">\r\n                        <a href=\"http:\/\/mogano.com.co\/home\/portfoliogroup\/cocinas\/\"><img src=\"http:\/\/mogano.com.co\/home\/wp-content\/uploads\/2015\/02\/cocinas-mogano1.jpg\" alt=\"Cocinas\" class=\"img-responsive\" ><!-- Item Overlay -->    \r\n                                <div class=\"tj-overlay vcenter-wrapper\">\r\n                                    <div class=\"overlay-texts vcenter\">\r\n                                        <h3 class=\"title\">Cocinas<\/h3>\r\n                                        <h4 class=\"subtitle\"><\/h4>\r\n                                    <\/div>\r\n                                <\/div>\r\n                                <!-- \/Item Overlay -->  \r\n                        <\/a>\r\n                    <\/div>\r\n                    <!-- \/Item -->\r\n            \r\n                    <!-- Item -->     \r\n                    <div class=\"vf-item tj-hover-3 set-bg  inview-animate inview-fadeleft\">\r\n                        <a href=\"http:\/\/mogano.com.co\/home\/portfoliogroup\/muebles-especiales\/\"><img src=\"http:\/\/mogano.com.co\/home\/wp-content\/uploads\/2015\/02\/mogano-muebles-especiales-portafolio.png\" alt=\"Muebles Especiales\" class=\"img-responsive\" ><!-- Item Overlay -->    \r\n                                <div class=\"tj-overlay vcenter-wrapper\">\r\n                                    <div class=\"overlay-texts vcenter\">\r\n                                        <h3 class=\"title\">Muebles Especiales<\/h3>\r\n                                        <h4 class=\"subtitle\"><\/h4>\r\n                                    <\/div>\r\n                                <\/div>\r\n                                <!-- \/Item Overlay -->  \r\n                        <\/a>\r\n                    <\/div>\r\n                    <!-- \/Item -->\r\n            \r\n                    <!-- Item -->     \r\n                    <div class=\"vf-item tj-hover-3 set-bg  inview-animate inview-fadeleft\">\r\n                        <a href=\"http:\/\/mogano.com.co\/home\/portfoliogroup\/vestieres-y-closet\/\"><img src=\"http:\/\/mogano.com.co\/home\/wp-content\/uploads\/2015\/02\/mogano-vestieres-mogano.png\" alt=\"Vestieres y Cl\u00f3set\" class=\"img-responsive\" ><!-- Item Overlay -->    \r\n                                <div class=\"tj-overlay vcenter-wrapper\">\r\n                                    <div class=\"overlay-texts vcenter\">\r\n                                        <h3 class=\"title\">Vestieres y Cl\u00f3set<\/h3>\r\n                                        <h4 class=\"subtitle\"><\/h4>\r\n                                    <\/div>\r\n                                <\/div>\r\n                                <!-- \/Item Overlay -->  \r\n                        <\/a>\r\n                    <\/div>\r\n                    <!-- \/Item -->\r\n            \r\n                    <!-- Item -->     \r\n                    <div class=\"vf-item tj-hover-3 set-bg  inview-animate inview-fadeleft\">\r\n                        <a href=\"http:\/\/mogano.com.co\/home\/portfoliogroup\/herrajes-mesones-electrodomesticos\/\"><img src=\"http:\/\/mogano.com.co\/home\/wp-content\/uploads\/2015\/02\/mogano-superficies-herrajes-electrodomesticos.png\" alt=\"Herrajes y Mesones\" class=\"img-responsive\" ><!-- Item Overlay -->    \r\n                                <div class=\"tj-overlay vcenter-wrapper\">\r\n                                    <div class=\"overlay-texts vcenter\">\r\n                                        <h3 class=\"title\">Herrajes y Mesones<\/h3>\r\n                                        <h4 class=\"subtitle\"><\/h4>\r\n                                    <\/div>\r\n                                <\/div>\r\n                                <!-- \/Item Overlay -->  \r\n                        <\/a>\r\n                    <\/div>\r\n                    <!-- \/Item -->\r\n            \r\n            <\/div>\r\n            <!-- \/Portfolio wrapper --> \r\n        <\/div>\r\n        <!-- Page main content -->\n\t\t<\/div> \n\t<\/div> \n<\/div><\/div>\n","protected":false},"excerpt":{"rendered":"Portafolio Cada persona y cada espacio de nuestra casa es especial, por esto en Mogano dise\u00f1amos y fabricamos tus ideas con el\u00a0\u00a0 acompa\u00f1amiento de un equipo humano profesional en el \u00e1rea de dise\u00f1o, con experiencia reconocida en el entendimiento de los estilos de vida modernos, brindando asesor\u00eda personalizada, y dando como resultado espacios \u00fanicos que [...]","protected":false},"author":1,"featured_media":0,"parent":0,"menu_order":2,"comment_status":"open","ping_status":"open","template":"template-dark-full.php","meta":[],"_links":{"self":[{"href":"http:\/\/mogano.com.co\/home\/wp-json\/wp\/v2\/pages\/2"}],"collection":[{"href":"http:\/\/mogano.com.co\/home\/wp-json\/wp\/v2\/pages"}],"about":[{"href":"http:\/\/mogano.com.co\/home\/wp-json\/wp\/v2\/types\/page"}],"author":[{"embeddable":true,"href":"http:\/\/mogano.com.co\/home\/wp-json\/wp\/v2\/users\/1"}],"replies":[{"embeddable":true,"href":"http:\/\/mogano.com.co\/home\/wp-json\/wp\/v2\/comments?post=2"}],"version-history":[{"count":0,"href":"http:\/\/mogano.com.co\/home\/wp-json\/wp\/v2\/pages\/2\/revisions"}],"wp:attachment":[{"href":"http:\/\/mogano.com.co\/home\/wp-json\/wp\/v2\/media?parent=2"}],"curies":[{"name":"wp","href":"https:\/\/api.w.org\/{rel}","templated":true}]}}